{"id":18334,"date":"2023-04-18T15:06:56","date_gmt":"2023-04-18T15:06:56","guid":{"rendered":"https:\/\/baldopromocions.com\/?page_id=18334"},"modified":"2023-05-25T10:51:17","modified_gmt":"2023-05-25T10:51:17","slug":"sobre-baldo","status":"publish","type":"page","link":"https:\/\/baldopromocions.com\/?page_id=18334&lang=es","title":{"rendered":"Sobre Bald\u00f3"},"content":{"rendered":"\t\t<div data-elementor-type=\"wp-page\" data-elementor-id=\"18334\" class=\"elementor elementor-18334\">\n\t\t\t\t\t\t\t\t\t<section class=\"elementor-section elementor-top-section elementor-element elementor-element-5b81e21 elementor-section-height-min-height animated-slow elementor-section-boxed elementor-section-height-default elementor-section-items-middle elementor-invisible\" data-id=\"5b81e21\" data-element_type=\"section\" data-settings=\"{&quot;background_background&quot;:&quot;classic&quot;,&quot;animation&quot;:&quot;fadeIn&quot;}\">\n\t\t\t\t\t\t\t<div class=\"elementor-background-overlay\"><\/div>\n\t\t\t\t\t\t\t<div class=\"elementor-container elementor-column-gap-default\">\n\t\t\t\t\t<div class=\"elementor-column elementor-col-100 elementor-top-column elementor-element elementor-element-ad367f8\" data-id=\"ad367f8\" data-element_type=\"column\">\n\t\t\t<div class=\"elementor-widget-wrap elementor-element-populated\">\n\t\t\t\t\t\t\t\t<div class=\"elementor-element elementor-element-0e7939f elementor-widget elementor-widget-heading\" data-id=\"0e7939f\" data-element_type=\"widget\" data-widget_type=\"heading.default\">\n\t\t\t\t<div class=\"elementor-widget-container\">\n\t\t\t<style>\/*! elementor - v3.17.0 - 08-11-2023 *\/\n.elementor-heading-title{padding:0;margin:0;line-height:1}.elementor-widget-heading .elementor-heading-title[class*=elementor-size-]>a{color:inherit;font-size:inherit;line-height:inherit}.elementor-widget-heading .elementor-heading-title.elementor-size-small{font-size:15px}.elementor-widget-heading .elementor-heading-title.elementor-size-medium{font-size:19px}.elementor-widget-heading .elementor-heading-title.elementor-size-large{font-size:29px}.elementor-widget-heading .elementor-heading-title.elementor-size-xl{font-size:39px}.elementor-widget-heading .elementor-heading-title.elementor-size-xxl{font-size:59px}<\/style><h1 class=\"elementor-heading-title elementor-size-default\">Quien somos<\/h1>\t\t<\/div>\n\t\t\t\t<\/div>\n\t\t\t\t\t<\/div>\n\t\t<\/div>\n\t\t\t\t\t\t\t<\/div>\n\t\t<\/section>\n\t\t\t\t<section class=\"elementor-section elementor-top-section elementor-element elementor-element-09038dc elementor-section-boxed elementor-section-height-default elementor-section-height-default\" data-id=\"09038dc\" data-element_type=\"section\" data-settings=\"{&quot;background_background&quot;:&quot;classic&quot;}\">\n\t\t\t\t\t\t<div class=\"elementor-container elementor-column-gap-default\">\n\t\t\t\t\t<div class=\"elementor-column elementor-col-100 elementor-top-column elementor-element elementor-element-c8278ac\" data-id=\"c8278ac\" data-element_type=\"column\">\n\t\t\t<div class=\"elementor-widget-wrap elementor-element-populated\">\n\t\t\t\t\t\t\t\t<div class=\"elementor-element elementor-element-3271868 elementor-widget elementor-widget-spacer\" data-id=\"3271868\" data-element_type=\"widget\" data-widget_type=\"spacer.default\">\n\t\t\t\t<div class=\"elementor-widget-container\">\n\t\t\t<style>\/*! elementor - v3.17.0 - 08-11-2023 *\/\n.elementor-column .elementor-spacer-inner{height:var(--spacer-size)}.e-con{--container-widget-width:100%}.e-con-inner>.elementor-widget-spacer,.e-con>.elementor-widget-spacer{width:var(--container-widget-width,var(--spacer-size));--align-self:var(--container-widget-align-self,initial);--flex-shrink:0}.e-con-inner>.elementor-widget-spacer>.elementor-widget-container,.e-con>.elementor-widget-spacer>.elementor-widget-container{height:100%;width:100%}.e-con-inner>.elementor-widget-spacer>.elementor-widget-container>.elementor-spacer,.e-con>.elementor-widget-spacer>.elementor-widget-container>.elementor-spacer{height:100%}.e-con-inner>.elementor-widget-spacer>.elementor-widget-container>.elementor-spacer>.elementor-spacer-inner,.e-con>.elementor-widget-spacer>.elementor-widget-container>.elementor-spacer>.elementor-spacer-inner{height:var(--container-widget-height,var(--spacer-size))}.e-con-inner>.elementor-widget-spacer.elementor-widget-empty,.e-con>.elementor-widget-spacer.elementor-widget-empty{position:relative;min-height:22px;min-width:22px}.e-con-inner>.elementor-widget-spacer.elementor-widget-empty .elementor-widget-empty-icon,.e-con>.elementor-widget-spacer.elementor-widget-empty .elementor-widget-empty-icon{position:absolute;top:0;bottom:0;left:0;right:0;margin:auto;padding:0;width:22px;height:22px}<\/style>\t\t<div class=\"elementor-spacer\">\n\t\t\t<div class=\"elementor-spacer-inner\"><\/div>\n\t\t<\/div>\n\t\t\t\t<\/div>\n\t\t\t\t<\/div>\n\t\t\t\t<div class=\"elementor-element elementor-element-e7372b6 animated-slow elementor-invisible elementor-widget elementor-widget-houzez_elementor_section_title\" data-id=\"e7372b6\" data-element_type=\"widget\" data-settings=\"{&quot;_animation&quot;:&quot;fadeIn&quot;}\" data-widget_type=\"houzez_elementor_section_title.default\">\n\t\t\t\t<div class=\"elementor-widget-container\">\n\t\t\t            <div class=\"houzez_section_title_wrap section-title-module\">\n                                    <h2 class=\"houzez_section_title\">La confianza de toda una vida y la experiencia de varias generaciones\n<\/h2>\n                \n                            <\/div>\n            \t\t<\/div>\n\t\t\t\t<\/div>\n\t\t\t\t<div class=\"elementor-element elementor-element-69fe9b8 elementor-widget elementor-widget-text-editor\" data-id=\"69fe9b8\" data-element_type=\"widget\" data-widget_type=\"text-editor.default\">\n\t\t\t\t<div class=\"elementor-widget-container\">\n\t\t\t<style>\/*! elementor - v3.17.0 - 08-11-2023 *\/\n.elementor-widget-text-editor.elementor-drop-cap-view-stacked .elementor-drop-cap{background-color:#69727d;color:#fff}.elementor-widget-text-editor.elementor-drop-cap-view-framed .elementor-drop-cap{color:#69727d;border:3px solid;background-color:transparent}.elementor-widget-text-editor:not(.elementor-drop-cap-view-default) .elementor-drop-cap{margin-top:8px}.elementor-widget-text-editor:not(.elementor-drop-cap-view-default) .elementor-drop-cap-letter{width:1em;height:1em}.elementor-widget-text-editor .elementor-drop-cap{float:left;text-align:center;line-height:1;font-size:50px}.elementor-widget-text-editor .elementor-drop-cap-letter{display:inline-block}<\/style>\t\t\t\t<p>Bald\u00f3\u00a0<span class=\"m_5404827287157049942SpellE\">Promocions<\/span>, se funda en 1.980 con el nombre de Construcciones Terrassa, S. A., posteriormente al 2.002 pasa a denominarse c\u00f3mo hoy en d\u00eda, Bald\u00f3 2.2 Promociones S.A. con sede en Terrassa (Barcelona). Perteneciendo al Grupo de empresas Bald\u00f3 y posee la experiencia de tres generaciones, en el sector de la construcci\u00f3n e inmobiliario.<u><\/u><u><\/u><\/p><p><span class=\"m_5404827287157049942SpellE\">Inversions<\/span>\u00a0<span class=\"m_5404827287157049942SpellE\">Balcaba<\/span>, tambi\u00e9n con sede en Terrassa, se funda en 1996, para cubrir la necesidad de gestionar las fincas en alquiler y posteriormente algunas promociones.<u><\/u><u><\/u><\/p><p>De generaci\u00f3n a generaci\u00f3n se ha ido transmitiendo, un legado que es el capital en todas las empresas del grupo Bald\u00f3: \u201cel placer por las cosas bien hechas, por la calidad\u201d. Desde que el abuelo Josep Bald\u00f3 Casanovas cre\u00f3 la primera empresa constructora en 1.927, su hijo, Josep M\u00aa que ven\u00eda tambi\u00e9n ejerciendo la actividad de contratista desde 1.958, fund\u00f3 junto a su hermano, Jordi Bald\u00f3 Ma\u00f1osa, en 1.972, la empresa constructora:\u00a0<span class=\"m_5404827287157049942SpellE\">Construccions<\/span>\u00a0Bald\u00f3, S.A., ahora, en 3\u00aa generaci\u00f3n, Bald\u00f3 y\u00a0<span class=\"m_5404827287157049942SpellE\">Associats<\/span>\u00a0Constructora S.A.<u><\/u><u><\/u><\/p><p>Con\u00a0<span class=\"m_5404827287157049942SpellE\">Inversions<\/span>\u00a0<span class=\"m_5404827287157049942SpellE\">Balcaba<\/span>\u00a0S.L.U. y Bald\u00f3 2.2 Promociones S.A., se recoge el testigo del \u201cbuen hacer\u201d heredado del abuelo Bald\u00f3. As\u00ed, desde su fundaci\u00f3n en 1.980, Bald\u00f3 Promociones S.A. y desde 1996,\u00a0<span class=\"m_5404827287157049942SpellE\">Inversions<\/span>\u00a0<span class=\"m_5404827287157049942SpellE\">Balcaba<\/span>, S.L.U. han consolidado una imagen de prestigio y seriedad en el sector inmobiliario, que garantiza a nuestros clientes edificios de primera calidad en las mejores zonas del Vall\u00e9s.<u><\/u><u><\/u><\/p><p>Una cuidadosa gesti\u00f3n de solares y parcelas permite ofrecer a nuestros clientes, en alquiler o venta, edificios de viviendas plurifamiliares, casas unifamiliares, naves, oficinas o locales comerciales muy variados, as\u00ed como plazas de parking y trasteros, en las mejores ubicaciones de cada ciudad, con las mejores comunicaciones y con todos los servicios al alcance.<u><\/u><u><\/u><\/p><p>En nuestras promociones, gracias a nuestra cuidada gesti\u00f3n desde el inicio hasta el fin de la obra, podemos ofrecer a nuestros clientes viviendas con dise\u00f1os actuales y muy bien construidos, con uno de los m\u00e1s altos est\u00e1ndares de calidad y un gran valor a\u00f1adido. El profesional equipo de Bald\u00f3 Promociones e\u00a0<span class=\"m_5404827287157049942SpellE\">Inversions<\/span>\u00a0<span class=\"m_5404827287157049942SpellE\">Balcaba<\/span>, motivado, comprometido, con vocaci\u00f3n de servicio y con la filosof\u00eda del \u00abtrabajo bien hecho\u00bb siempre presente en esta Compa\u00f1\u00eda, velan por la m\u00e1xima satisfacci\u00f3n y un impecable servicio al cliente.<u><\/u><u><\/u><\/p><p>Proporcionamos a nuestros clientes toda clase de soluciones para que cada vivienda, local u oficina se adapte a sus necesidades particulares, proponiendo las soluciones de mayor valor a\u00f1adido.<u><\/u><u><\/u><\/p><p>Somos consecuentes con nuestro compromiso hacia el cliente y por eso involucramos a nuestros proveedores en un continuo esfuerzo en busca de la excelencia.<u><\/u><u><\/u><\/p><p>Bald\u00f3 Promociones e\u00a0<span class=\"m_5404827287157049942SpellE\">Inversions<\/span>\u00a0<span class=\"m_5404827287157049942SpellE\">Balcaba<\/span>\u00a0disponen de una organizaci\u00f3n flexible, con gran capacidad de adaptaci\u00f3n a nuevas oportunidades de mercado y nuevas tecnolog\u00edas.<u><\/u><u><\/u><\/p><p>La experiencia de tres generaciones y la seguridad de una empresa inmobiliaria perteneciente a un s\u00f3lido grupo como BALD\u00d3, con una variedad de viviendas, naves industriales y edificios p\u00fablicos construidos, son el aval m\u00e1s importante para toda aquella persona que est\u00e9 buscando una vivienda para vivir, un local u oficina para instalar su negocio o simplemente un valor seguro donde invertir su dinero.<u><\/u><u><\/u><\/p>\t\t\t\t\t\t<\/div>\n\t\t\t\t<\/div>\n\t\t\t\t<div class=\"elementor-element elementor-element-89a95a6 elementor-widget elementor-widget-spacer\" data-id=\"89a95a6\" data-element_type=\"widget\" data-widget_type=\"spacer.default\">\n\t\t\t\t<div class=\"elementor-widget-container\">\n\t\t\t\t\t<div class=\"elementor-spacer\">\n\t\t\t<div class=\"elementor-spacer-inner\"><\/div>\n\t\t<\/div>\n\t\t\t\t<\/div>\n\t\t\t\t<\/div>\n\t\t\t\t\t<\/div>\n\t\t<\/div>\n\t\t\t\t\t\t\t<\/div>\n\t\t<\/section>\n\t\t\t\t\t\t\t<\/div>\n\t\t","protected":false},"excerpt":{"rendered":"<p>Quien somos La confianza de toda una vida y la experiencia de varias generaciones Bald\u00f3\u00a0Promocions, se funda en 1.980 con el nombre de Construcciones Terrassa, S. A., posteriormente al 2.002 pasa a denominarse c\u00f3mo hoy en d\u00eda, Bald\u00f3 2.2 Promociones S.A. con sede en Terrassa (Barcelona). Perteneciendo al Grupo de empresas Bald\u00f3 y posee la [&hellip;]<\/p>\n","protected":false},"author":1,"featured_media":0,"parent":0,"menu_order":0,"comment_status":"closed","ping_status":"closed","template":"template\/template-homepage.php","meta":{"footnotes":""},"class_list":["post-18334","page","type-page","status-publish","hentry"],"_links":{"self":[{"href":"https:\/\/baldopromocions.com\/index.php?rest_route=\/wp\/v2\/pages\/18334","targetHints":{"allow":["GET"]}}],"collection":[{"href":"https:\/\/baldopromocions.com\/index.php?rest_route=\/wp\/v2\/pages"}],"about":[{"href":"https:\/\/baldopromocions.com\/index.php?rest_route=\/wp\/v2\/types\/page"}],"author":[{"embeddable":true,"href":"https:\/\/baldopromocions.com\/index.php?rest_route=\/wp\/v2\/users\/1"}],"replies":[{"embeddable":true,"href":"https:\/\/baldopromocions.com\/index.php?rest_route=%2Fwp%2Fv2%2Fcomments&post=18334"}],"version-history":[{"count":16,"href":"https:\/\/baldopromocions.com\/index.php?rest_route=\/wp\/v2\/pages\/18334\/revisions"}],"predecessor-version":[{"id":18508,"href":"https:\/\/baldopromocions.com\/index.php?rest_route=\/wp\/v2\/pages\/18334\/revisions\/18508"}],"wp:attachment":[{"href":"https:\/\/baldopromocions.com\/index.php?rest_route=%2Fwp%2Fv2%2Fmedia&parent=18334"}],"curies":[{"name":"wp","href":"https:\/\/api.w.org\/{rel}","templated":true}]}}