{"id":18339,"date":"2023-04-18T15:10:40","date_gmt":"2023-04-18T15:10:40","guid":{"rendered":"https:\/\/baldopromocions.com\/?page_id=18339"},"modified":"2023-06-01T09:55:20","modified_gmt":"2023-06-01T09:55:20","slug":"politica-de-privacidad","status":"publish","type":"page","link":"https:\/\/baldopromocions.com\/?page_id=18339&lang=es","title":{"rendered":"Pol\u00edtica de privacidad"},"content":{"rendered":"\n<p><\/p>\n\n\n\n<p>En el trato de datos de car\u00e1cter personal, baldopromocions.com asegura que cumple la Ley Org\u00e1nica de Protecci\u00f3n de Datos de Car\u00e1cter Personal (LOPD) y el Reglamento General de Protecci\u00f3n de Datos de la Uni\u00f3n Europea (RGPD) vigentes actualmente y su normativa de desarrollo, as\u00ed como la LSSICE de la Sociedad de la Informaci\u00f3n y de Comercio Electr\u00f3nico. La presente Pol\u00edtica de Privacidad establece los t\u00e9rminos en que baldopromocions.com usa y defiende la informaci\u00f3n que es proporcionada por los usuarios en el momento de navegar su sitio web.<\/p>\n\n\n\n<p>Este sitio web est\u00e1 comprometido con la seguridad de los datos de sus usuarios. Cuando se pide llenar los campos de informaci\u00f3n personal con la cual puede ser reconocido, lo hacemos confirmando que solo se dispondr\u00e1 de acuerdo con los t\u00e9rminos de este escrito. Sin embargo, esta Pol\u00edtica de Privacidad puede variar con el tiempo o ser renovada, por lo cual le sugerimos y enfatizamos la importancia de revisar peri\u00f3dicamente esta p\u00e1gina para asegurar que acepta con los cambios.<\/p>\n\n\n\n<h2 class=\"wp-block-heading\">Informaci\u00f3n que es recogida<\/h2>\n\n\n\n<p>Nuestro sitio web puede almacenar informaci\u00f3n personal por ejemplo: Nombre, informaci\u00f3n de contacto como su email e informaci\u00f3n demogr\u00e1fica. El Usuario asegura que los datos introducidos son ver\u00eddicos, concretos, completos y vigentes, siente responsable de cualquier mal o perjuicio, directo o indirecto, que pudiera ocasionarse como resultado del incumplimiento de tal responsabilidad.<\/p>\n\n\n\n<h2 class=\"wp-block-heading\">Uso de la informaci\u00f3n recogida<\/h2>\n\n\n\n<p>Nuestro sitio web utiliza la informaci\u00f3n para elaborar perfiles de mercado con fines e publicitado o publicitarios o estad\u00edsticos. Esta informaci\u00f3n tambi\u00e9n se usa con el fin de proporcionar lo la mejor calidad en el servicio, en concreto para mantener un registro de usuarios y mejorar nuestros productos y servicios. Puede ser que sean enviados emails peri\u00f3dicamente mediante nuestra web con ofertas especiales, productos nuevos y otra informaci\u00f3n interesante que consideramos relevando para los usuarios o que pueda brindarle alg\u00fan beneficio, estos correos electr\u00f3nicos se env\u00edan a la direcci\u00f3n de correo electr\u00f3nico que usted proporcione y podr\u00e1 darse de baja en cualquier momento.<\/p>\n\n\n\n<p>baldopromocions.com est\u00e1 altamente comprometido para cumplir con la responsabilidad de mantener sus datos seguros. Usamos que se los mejores m\u00e9todos y los actualizamos constantemente para asegurarnos que no existe ning\u00fan acceso no autorizado.<\/p>\n\n\n\n<h2 class=\"wp-block-heading\">Cookies<\/h2>\n\n\n\n<p>Nuestro sitio web utiliza servicios de terceros para mesurar diferentes variables de cada sesi\u00f3n, estos terceros utilizan cookies que permiten registrar informaci\u00f3n no comprometida del usuario (h\u00e1bitos de navegaci\u00f3n, hora, n\u00famero de visitas, etc). Una cookie es a un fichero que es enviado para de pedir permiso para almacenarse en su ordenador. Al dar su conformidad, este fichero se genera y la cookie sirve para tener datos estad\u00edsticos respecto al tr\u00e1fico web as\u00ed como para facilitar las pr\u00f3ximas visitas en una web recurrente. Otra funci\u00f3n que tienen las cookies es que con ellas las p\u00e1ginas web pueden reconocerte individualmente y por tanto brindarte el mejor servicio personalizado posible. Nuestro sitio web utiliza las cookies para poder identificar las p\u00e1ginas que son visitadas y su frecuencia. Esta informaci\u00f3n es empleada exclusivamente para an\u00e1lisis estad\u00edsticos y despu\u00e9s se elimina de manera permanente. Puede eliminar las cookies cuando quiera desde su navegador. Sin embargo las cookies ayudan a facilitar un servicio de la m\u00e1xima calidad posible de los sitios web, est\u00e1s no dan acceso a informaci\u00f3n de su ordenador ni de usted, a menos que usted as\u00ed lo solicite y la proporcione directamente. Usted puede aceptar o negar el uso de cookies, sin embargo la mayor\u00eda de navegadores aceptan cookies autom\u00e1ticamente porque sirve para tener un mejor servicio web. Tambi\u00e9n usted puede modificar la configuraci\u00f3n de su ordenador para denegar las cookies. Si se declinan es posible que no pueda utilizar algunos de nuestros servicios.<\/p>\n\n\n\n<p>Para mayor informaci\u00f3n puede visitar nuestra pol\u00edtica de cookies.<\/p>\n\n\n\n<h2 class=\"wp-block-heading\">Enlaces a Terceros<\/h2>\n\n\n\n<p>Este web puede contener enlaces a otros lugares que pudieran ser de su inter\u00e9s. Una vez que usted clique en estos enlaces y salga de nuestra p\u00e1gina, ya no gestionamos sobre el lugar al cual es redirigido y por tanto no nos podemos responsabilizar de los t\u00e9rminos o privacidad ni de la protecci\u00f3n de sus datos en estos otros lugares. Estos lugares est\u00e1n sujetos a sus propias pol\u00edticas de privacidad por lo cual es importante que los consulte para confirmar que usted est\u00e1 de acuerdo con estas.<\/p>\n\n\n\n<h2 class=\"wp-block-heading\">Control de su informaci\u00f3n personal<\/h2>\n\n\n\n<p>Baldopromocions.com podr\u00e1 contar con terceros para que realicen funciones en su nombre en relaci\u00f3n con los fines para los cuales se puedan recoger sus datos personales, como por ejemplo, analizar la informaci\u00f3n suministrada, alojar sitios web o similares teniendo acceso en la informaci\u00f3n de car\u00e1cter personal necesaria para el desempe\u00f1o de sus actividades, si bien no pueden utilizar tal informaci\u00f3n para jefe otro objetivo.<\/p>\n\n\n\n<p>Regulamos nuestras relaciones con tales terceros de forma que se cumpla la normativa aplicable en materia de protecci\u00f3n de datos de car\u00e1cter personal. Cundo usted quiera puede restringir la recopilaci\u00f3n o el uso de la informaci\u00f3n personal que que mujer a nuestra p\u00e1gina.<\/p>\n\n\n\n<p>Cada vez que se le pida rellenar un formulario, como darse de alta, puede seleccionar y des-seleccionar la opci\u00f3n de recibir informaci\u00f3n por correo electr\u00f3nico. En caso de que haya marcado la opci\u00f3n de recibir nuestro bolet\u00edn o publicidad usted puede cancelarla en cualquier momento. Esta compa\u00f1\u00eda no vender\u00e1, ceder\u00e1 ni distribuir\u00e1 la informaci\u00f3n personal que es recopilada sin su consentimiento, salvo que sea requerido por un juez con un orden judicial. baldopromocions.com puede modificar los t\u00e9rminos de la presente Pol\u00edtica de Privacidad en cualquier momento.<\/p>\n\n\n\n<h2 class=\"wp-block-heading\">Datos de terceros<\/h2>\n\n\n\n<p>En el supuesto de que nos proporcione datos de car\u00e1cter personal de terceras personas, en cumplimiento de la LOPD y la RGPD vigentes, afirma haber informado estas personas previamente sobre el que contienen los datos facilitados, de la procedencia de estos, de la existencia y fin del fichero donde se contienen sus datos, de los destinatarios de esta informaci\u00f3n, de la posibilidad de ejercitar los derechos de acceso, rectificaci\u00f3n, cancelaci\u00f3n u oposici\u00f3n, as\u00ed como de los datos identificativos de baldopromocions.com. En este sentido, es de su exclusiva responsabilidad informar de las circunstancias a los terceros los datos de los cuales nos nos proporcionar\u00e1, no asumiendo baldopromocions.com ninguna responsabilidad por el incumplimiento de este requisito por su parte.<\/p>\n","protected":false},"excerpt":{"rendered":"<p>En el trato de datos de car\u00e1cter personal, baldopromocions.com asegura que cumple la Ley Org\u00e1nica de Protecci\u00f3n de Datos de Car\u00e1cter Personal (LOPD) y el Reglamento General de Protecci\u00f3n de Datos de la Uni\u00f3n Europea (RGPD) vigentes actualmente y su normativa de desarrollo, as\u00ed como la LSSICE de la Sociedad de la Informaci\u00f3n y de [&hellip;]<\/p>\n","protected":false},"author":1,"featured_media":0,"parent":0,"menu_order":0,"comment_status":"closed","ping_status":"closed","template":"template\/template-page.php","meta":{"footnotes":""},"class_list":["post-18339","page","type-page","status-publish","hentry"],"_links":{"self":[{"href":"https:\/\/baldopromocions.com\/index.php?rest_route=\/wp\/v2\/pages\/18339","targetHints":{"allow":["GET"]}}],"collection":[{"href":"https:\/\/baldopromocions.com\/index.php?rest_route=\/wp\/v2\/pages"}],"about":[{"href":"https:\/\/baldopromocions.com\/index.php?rest_route=\/wp\/v2\/types\/page"}],"author":[{"embeddable":true,"href":"https:\/\/baldopromocions.com\/index.php?rest_route=\/wp\/v2\/users\/1"}],"replies":[{"embeddable":true,"href":"https:\/\/baldopromocions.com\/index.php?rest_route=%2Fwp%2Fv2%2Fcomments&post=18339"}],"version-history":[{"count":5,"href":"https:\/\/baldopromocions.com\/index.php?rest_route=\/wp\/v2\/pages\/18339\/revisions"}],"predecessor-version":[{"id":18555,"href":"https:\/\/baldopromocions.com\/index.php?rest_route=\/wp\/v2\/pages\/18339\/revisions\/18555"}],"wp:attachment":[{"href":"https:\/\/baldopromocions.com\/index.php?rest_route=%2Fwp%2Fv2%2Fmedia&parent=18339"}],"curies":[{"name":"wp","href":"https:\/\/api.w.org\/{rel}","templated":true}]}}