{"id":18342,"date":"2023-04-18T15:15:32","date_gmt":"2023-04-18T15:15:32","guid":{"rendered":"https:\/\/baldopromocions.com\/?page_id=18342"},"modified":"2023-04-18T15:15:33","modified_gmt":"2023-04-18T15:15:33","slug":"politica-de-cookies-2","status":"publish","type":"page","link":"https:\/\/baldopromocions.com\/?page_id=18342&lang=es","title":{"rendered":"Pol\u00edtica de cookies"},"content":{"rendered":"\n<p>El almacenamiento local de datos implica almacenar diferentes tipos de datos localmente al dispositivo a trav\u00e9s de vuestro navegador web. Los datos almacenados localmente podan, por ejemplo, contener la configuraci\u00f3n del usuario, informaci\u00f3n sobre c\u00f3mo navega por nuestro sitio web, qu\u00e9 navegador web utiliza, qu\u00e9 anuncios se han mostrado y el comportamiento similar en sitios web con que colaboramos. Los datos almacenados localmente pueden ser utilizadas para personalizar el contenido y las funciones a nuestros servicios de forma que sus visitas sean m\u00e1s c\u00f3modas y tengan m\u00e1s sentido. Un m\u00e9todo de almacenamiento local de datos son las cookies. Las cookies son peque\u00f1os archivos de texto que se almacenan al dispositivo (PC, tel\u00e9fono m\u00f3vil o tableta) que nos permiten reconocer vuestro navegador web. Las cookies contienen informaci\u00f3n principalmente sobre vuestro navegador web y sobre cualquier actividad que se ha producido. Nos ayudan a garantizar la seguridad y el funcionamiento \u00f3ptimo de nuestro sitio web, una vez sale de nuestra web estas son eliminadas (cookies de seguridad y galletas de sesi\u00f3n) y recogen informaci\u00f3n sobre los productos que los interesan a nuestras visitas de internet y sobre c\u00f3mo navegan a trav\u00e9s de nuestro sitio web para que nuestras ofertas en l\u00ednea sean m\u00e1s atractivas para los usuarios (cookies de seguimiento).<\/p>\n\n\n\n<h2 class=\"wp-block-heading\">Informaci\u00f3n complementaria de las cookies<\/h2>\n\n\n\n<p>Utilizamos el almacenamiento local de datos para una serie de fines, como por ejemplo: permitirnos realizar nuestros servicios; aportarte contenido pertinente, personalizado cuando visitas nuestros sitios web; mesurar y analizar el tr\u00e1fico a nuestro sitio web; mejorar nuestros servicios; y dirigir publicidad espec\u00edfica. A continuaci\u00f3n, se ofrecen m\u00e1s detalles sobre estos temas:<\/p>\n\n\n\n<h3 class=\"wp-block-heading\">Para nuestra publicidad<\/h3>\n\n\n\n<p>Utilizamos el almacenamiento local de datos en relaci\u00f3n con las actividades publicitarias. Esto nos permite saber si y a menudo el usuario ha visto un anuncio o un tipo de anuncio determinado, y cu\u00e1nto de tiempo hace que lo vio.Tambi\u00e9n usamos el almacenamiento local de datos para construir segmentos y grupos objetivo con fines de marketing y para dirigir anuncios espec\u00edficos.<\/p>\n\n\n\n<h3 class=\"wp-block-heading\">Para analizar y mejorar nuestros servicios<\/h3>\n\n\n\n<p>Utilizamos varias herramientas de medida que nos proporcionan estad\u00edsticas y an\u00e1lisis relativos a nuestros servicios. Estas herramientas nos permiten reconocer el navegador web a lo largo del tiempo y averiguar si el usuario ha visitado el sitio web anteriormente y si es as\u00ed con qu\u00e9 frecuencia. Estas herramientas nos ofrecen la posibilidad de conseguir una visi\u00f3n general de cu\u00e1ntos usuarios \u00fanicos tenemos y como utilizan nuestros servicios. As\u00ed mismo, utilizamos la informaci\u00f3n que hemos recogido y analizado para desarrollar y mejorar nuestros servicios; por ejemplo, averiguando qu\u00e9 servicios generan mucho de tr\u00e1fico o viendo si un servicio est\u00e1 funcionando de manera \u00f3ptima.<\/p>\n\n\n\n<h3 class=\"wp-block-heading\">Para librar y adaptar los servicios a su uso<\/h3>\n\n\n\n<p>Se requiere y es necesario el almacenamiento local de datos para permitirte utilizar nuestros servicios, como por ejemplo informaci\u00f3n sobre su configuraci\u00f3n, que nos dice como se tienen que presentar los servicios a vuestro navegador web. Tambi\u00e9n utilizamos el almacenamiento local de datos para adaptar nuestros servicios a su uso lo mejor posible.<\/p>\n\n\n\n<h2 class=\"wp-block-heading\">Gesti\u00f3n de las cookies<\/h2>\n\n\n\n<p>Pod\u00e9is desactivar las galletas o configurar vuestro navegador porque os avise cuando te env\u00edan una galleta. La configuraci\u00f3n a vuestro navegador web normalmente muestra una lista de todas las galletas que han sido almacenadas para proporcionarle una visi\u00f3n general y, si lo dese\u00e1is, para eliminar las galletas no deseadas. Normalmente, pod\u00e9is indicar que acept\u00e1is el almacenamiento de galletas de los sitios web que visit\u00e1is o de terceros afiliados a estos sitios web. Tambi\u00e9n pod\u00e9is escoger ser notificado cada vez que se almacena una nueva galleta. Se os proporciona a continuaci\u00f3n orientaci\u00f3n sobre como hacer esto en diferentes navegadores web. Vuestro navegador web almacena normalmente cookies en una carpeta espec\u00edfica a vuestro disco duro, de forma que pod\u00e1is examinar tambi\u00e9n el contenido con m\u00e1s detalle. Sin embargo, las galletas que son presentes al sitio web cambian con frecuencia, y no todas las galletas son igual de importantes. Por lo tanto, si BALD\u00d3 PROMOCIONES cambia el uso de las galletas de seguimiento, se os notificar\u00e1 con un mensaje. As\u00ed mismo, hay disponibles servicios que han sido desarrollados especialmente para proporcionar a los usuarios una lista actualizada de galletas y otros mecanismos de seguimiento. Tened en cuenta que si las desactiva, es posible que no pod\u00e1is disfrutar de todas las funcionalidades de nuestro sitio web A continuaci\u00f3n, se os presenta un resumen de como los datos almacenados localmente pueden ser gestionadas en diferentes navegadores web. Tened en cuenta que este proceso puede cambiar y que las descripciones dadas aqu\u00ed podan no estar actualizadas.<\/p>\n\n\n\n<h3 class=\"wp-block-heading\">Gesti\u00f3n de galletas en Google Chrome<\/h3>\n\n\n\n<h4 class=\"wp-block-heading\">Como eliminar cookies:<\/h4>\n\n\n\n<p>Vais a Configuraci\u00f3n al men\u00fa de vuestro navegador.<br>Haced clic a Muestra la configuraci\u00f3n avanzada.<br>Haced clic a Suprimeix los datos de navegaci\u00f3n.<br>Selecciona el periodo de tiempo para el cual quieres eliminar la informaci\u00f3n al men\u00fa a la<br>parte superior. Si quer\u00e9is eliminar todas las galletas al navegador, hac\u00e9is clic a Desde el origen de los tiempos.<br>Marca galletas y otros datos de lugares y complementos.<br>Haced clic a Suprimeix los datos de navegaci\u00f3n.<br>Cierra la ventana.<\/p>\n\n\n\n<h4 class=\"wp-block-heading\">Como evitar que las cookies se almacenen al navegador web:<\/h4>\n\n\n\n<p>Vais a Configuraci\u00f3n al men\u00fa de vuestro navegador.<br>Haced clic a Muestra la configuraci\u00f3n avanzada y despu\u00e9s hac\u00e9is clic a Configuraci\u00f3n de contenido.<br>A Cookies, selecciona tu opci\u00f3n preferida. Si quer\u00e9is evitar que todas las galletas se almacenen, hac\u00e9is clic a No permite que se guarden datos de los lugares.<br>Haced clic a Hecho.<br>Cierra la ventana.<\/p>\n\n\n\n<h3 class=\"wp-block-heading\">Gesti\u00f3n de cookies a Safari<\/h3>\n\n\n\n<h4 class=\"wp-block-heading\">Como eliminar cookies:<\/h4>\n\n\n\n<p>Ir a Preferencias al men\u00fa de vuestro navegador.<br>Haced clic a la pesta\u00f1a Privacidad.<br>Haced clic a Suprimeix todos los datos de los sitios web y hac\u00e9is clic a Suprimeix para suprimir todas las galletas.<br>Cierra la ventana.<\/p>\n\n\n\n<h3 class=\"wp-block-heading\">Como evitar que las cookies se almacenen a vuestro navegador web:<\/h3>\n\n\n\n<p>Ve a Preferencias al men\u00fa de tu navegador<br>Haz clic a la pesta\u00f1a Privacidad.<br>A Cookies y datos de sitios web selecciona tu opci\u00f3n preferida. Si quer\u00e9is evitar que todas las galletas se almacenen, hac\u00e9is clic a Bloqueja siempre.<br>Cierra la ventana.<\/p>\n\n\n\n<h3 class=\"wp-block-heading\">Gesti\u00f3n de cookies a Mozilla Firefox<\/h3>\n\n\n\n<h4 class=\"wp-block-heading\">Como eliminar cookies:<\/h4>\n\n\n\n<p>Ir a Opciones al men\u00fa de vuestro navegador.<br>Haced clic a la pesta\u00f1a Privacidad.<br>Haced clic a Muestra galletas.<br>Seleccion\u00e1is las galletas que quer\u00e9is suprimir y hac\u00e9is clic a Suprimeix seleccionadas. Haced clic a<br>Suprimeix todas si quer\u00e9is suprimir todas las galletas a vuestro navegador web.<br>Cierra la ventana. Cualquier cambio que hayas hecho se guardar\u00e1 autom\u00e1ticamente.<\/p>\n\n\n\n<h4 class=\"wp-block-heading\">Como evitar que las cookies se almacenen a vuestro navegador web:<\/h4>\n\n\n\n<p>Ir a Configuraci\u00f3n al men\u00fa de tu navegador.<br>Seleccion\u00e1is la pesta\u00f1a Privacidad.<br>A Historial, hac\u00e9is clic a Usa una configuraci\u00f3n personalizada para el historial.<br>Seleccion\u00e1is vuestras opciones preferidas a Permet las galletas de sitios web. Si quer\u00e9is evitar que todas las galletas se almacenen, desactiva la casilla Aceptar galletas de sitios web.<br>Cierra la ventana. Cualquier cambio que hayas hecho se guardar\u00e1 autom\u00e1ticamente.<\/p>\n\n\n\n<h3 class=\"wp-block-heading\">Gesti\u00f3n de cookies a Internet Explorer<\/h3>\n\n\n\n<h4 class=\"wp-block-heading\">Como eliminar cookies:<\/h4>\n\n\n\n<p>Ir a Herramientas (icono de rueda dentada) al men\u00fa de tu navegador.<br>Haced clic a Propiedades de Internet.<br>A la pesta\u00f1a General \u2013 Historial de navegaci\u00f3n, hac\u00e9is clic a Suprimeix.<br>Aseguraos de marcar la opci\u00f3n Cookies y datos de sitios web.<br>Haced clic a Suprimeix.<br>Haced clic a OK.<\/p>\n\n\n\n<h4 class=\"wp-block-heading\">Como evitar que las cookies se almacenen a vuestro navegador web:<\/h4>\n\n\n\n<p>Ir a Herramientas (icono de rueda dentada) al men\u00fa de tu navegador.<br>Haced clic a Opciones de Internet y hac\u00e9is clic a la pesta\u00f1a Privacidad.<br>Mueve la barra deslizante al nivel deseado. Si quer\u00e9is evitar que todas las galletas se almacenen, seleccion\u00e1is el nivel Bloquea todas las galletas.<br>Haced clic a OK.<\/p>\n\n\n\n<h3 class=\"wp-block-heading\">Gesti\u00f3n de cookies a Opera<\/h3>\n\n\n\n<h4 class=\"wp-block-heading\">Como eliminar cookies:<\/h4>\n\n\n\n<p>Ir a Configuraci\u00f3n al men\u00fa de tu navegador.<br>Seleccion\u00e1is la pesta\u00f1a de Privacidad y Seguridad.<br>Fez clic a Cookies y despu\u00e9s hiciera clic a Todas las galletas y datos de sitios web.<br>Seleccion\u00e1is las galletas que quer\u00e9is suprimir y hac\u00e9is clic a Suprimeix. Haced clic a Suprimeix todas si quer\u00e9is suprimir todas las galletas a vuestro navegador web.<br>Haced clic a Hecho.<br>Cierra la ventana.<\/p>\n\n\n\n<h4 class=\"wp-block-heading\">Como evitar que las cookies se almacenen a vuestro navegador web:<\/h4>\n\n\n\n<p>Ir a Configuraci\u00f3n al men\u00fa de tu navegador.<br>Seleccion\u00e1is la pesta\u00f1a de Privacidad y Seguridad.<br>A Cookies, selecciona tu opci\u00f3n preferida. Si quer\u00e9is evitar que todas las galletas se almacenen, hac\u00e9is clic a No permite que se guarden datos de los lugares.<br>Cierra la ventana.<\/p>\n\n\n\n<h2 class=\"wp-block-heading\">Informaci\u00f3n de contacto<\/h2>\n\n\n\n<p>Para m\u00e1s transparencia, si ten\u00e9is alguna pregunta relativa al uso del almacenamiento local de nuestro sitio web, poneos en contacto con nosotros a info@baldopromocions.com, indicando al asunto \u00abPol\u00edtica de cookies\u00bb.<\/p>\n","protected":false},"excerpt":{"rendered":"<p>El almacenamiento local de datos implica almacenar diferentes tipos de datos localmente al dispositivo a trav\u00e9s de vuestro navegador web. Los datos almacenados localmente podan, por ejemplo, contener la configuraci\u00f3n del usuario, informaci\u00f3n sobre c\u00f3mo navega por nuestro sitio web, qu\u00e9 navegador web utiliza, qu\u00e9 anuncios se han mostrado y el comportamiento similar en sitios [&hellip;]<\/p>\n","protected":false},"author":1,"featured_media":0,"parent":0,"menu_order":0,"comment_status":"closed","ping_status":"closed","template":"template\/template-page.php","meta":{"footnotes":""},"class_list":["post-18342","page","type-page","status-publish","hentry"],"_links":{"self":[{"href":"https:\/\/baldopromocions.com\/index.php?rest_route=\/wp\/v2\/pages\/18342","targetHints":{"allow":["GET"]}}],"collection":[{"href":"https:\/\/baldopromocions.com\/index.php?rest_route=\/wp\/v2\/pages"}],"about":[{"href":"https:\/\/baldopromocions.com\/index.php?rest_route=\/wp\/v2\/types\/page"}],"author":[{"embeddable":true,"href":"https:\/\/baldopromocions.com\/index.php?rest_route=\/wp\/v2\/users\/1"}],"replies":[{"embeddable":true,"href":"https:\/\/baldopromocions.com\/index.php?rest_route=%2Fwp%2Fv2%2Fcomments&post=18342"}],"version-history":[{"count":1,"href":"https:\/\/baldopromocions.com\/index.php?rest_route=\/wp\/v2\/pages\/18342\/revisions"}],"predecessor-version":[{"id":18343,"href":"https:\/\/baldopromocions.com\/index.php?rest_route=\/wp\/v2\/pages\/18342\/revisions\/18343"}],"wp:attachment":[{"href":"https:\/\/baldopromocions.com\/index.php?rest_route=%2Fwp%2Fv2%2Fmedia&parent=18342"}],"curies":[{"name":"wp","href":"https:\/\/api.w.org\/{rel}","templated":true}]}}