{"id":18536,"date":"2023-05-29T22:23:32","date_gmt":"2023-05-29T22:23:32","guid":{"rendered":"https:\/\/baldopromocions.com\/?page_id=18536"},"modified":"2023-05-29T22:26:31","modified_gmt":"2023-05-29T22:26:31","slug":"politica-de-accesibilidad","status":"publish","type":"page","link":"https:\/\/baldopromocions.com\/?page_id=18536&lang=es","title":{"rendered":"Pol\u00edtica de accesibilidad"},"content":{"rendered":"<div id=\"content\" class=\"site-content\">\n<div class=\"ast-container\">\n<div id=\"primary\" class=\"content-area primary\"><main id=\"main\" class=\"site-main\"><\/p>\n<article id=\"post-2542\" class=\"post-2542 page type-page status-publish ast-article-single\">\n<div class=\"entry-content clear\">\n<div class=\"elementor elementor-2542\" data-elementor-type=\"wp-page\" data-elementor-id=\"2542\">\n<section class=\"elementor-section elementor-top-section elementor-element elementor-element-33e0a140 elementor-section-boxed elementor-section-height-default elementor-section-height-default\" data-id=\"33e0a140\" data-element_type=\"section\">\n<div class=\"elementor-container elementor-column-gap-default\">\n<div class=\"elementor-column elementor-col-100 elementor-top-column elementor-element elementor-element-59e4b6d7\" data-id=\"59e4b6d7\" data-element_type=\"column\">\n<div class=\"elementor-widget-wrap elementor-element-populated\">\n<div class=\"elementor-element elementor-element-7eaf2a1 elementor-widget elementor-widget-text-editor\" data-id=\"7eaf2a1\" data-element_type=\"widget\" data-widget_type=\"text-editor.default\">\n<div class=\"elementor-widget-container\">\n<p><b>Accessibility statemen<\/b>t<br \/>\nINVERSIONS BALCABA SLU y BALD\u00d3 2.2 PROMOCIONS, S.A pone a disposici\u00f3n en su sitio, seg\u00fan el Real Decreto 1112\/2018, de 7 de septiembre, sobre accesibilidad de sitios web y aplicaciones para tel\u00e9fonos m\u00f3viles<\/p>\n<p><b>Compliance status<br \/>\n<\/b><\/p>\n<p>Este sitio web cumple parcialmente con el RD 1112\/2018 debido a las excepciones y la falta de conformidad de las siguientes \u00e1reas.<\/p>\n<p><b>Non-accesible content<br \/>\n<\/b><\/p>\n<p>El contenido que se presenta a continuaci\u00f3n no es accesible para los siguientes.<\/p>\n<p><em>Lack conformity with the RD 1112\/2018:<\/em><\/p>\n<ul>\n<li>Algunas im\u00e1genes no tienen nombre o tienen una optativa literaria convencional [requisito n\u00famero 9.1.1.1 de la UNE-EN 301549:2019 Contenido no basado en texto]<\/li>\n<li>Algunas grabaciones grabadas pueden no contener subt\u00edtulos [requisito n\u00famero 9.1.2.2 de la UNE-EN 301549:2019 subt\u00edtulos (grabados)]<\/li>\n<li>Algunas grabaciones pregrabadas del sitio no cuentan con representaci\u00f3n sonora ni medios electivos [requisitos n\u00famero 9.1.2.5 y 9.1.2.3 de la norma UNE-EN 301549:2019 Representaci\u00f3n sonora o medios electivos (grabados)]<\/li>\n<li>En ciertas p\u00e1ginas, los datos, la construcci\u00f3n y las conexiones no est\u00e1n grabados en piedra por programaci\u00f3n o no tienen opci\u00f3n como texto. [requisito n\u00famero 9.1.3.1 de la UNE-EN 301549:2019 de datos y relaciones]<\/li>\n<li>En determinadas p\u00e1ginas se ha utilizado la variedad como medio visual principal para enviar datos, mostrar una actividad, incitar una reacci\u00f3n o reconocer un componente visual [requisito n\u00famero 9.1.4.1 de la norma UNE-EN 301549:2019, utilizaci\u00f3n del color]<\/li>\n<li>En determinadas p\u00e1ginas pueden existir atribuciones e identificadores de copia [requisito n\u00famero 9.4.1.1 de la norma de manipulaci\u00f3n UNE-EN 301549:2019]<\/li>\n<li>En determinadas p\u00e1ginas las partes de la UI, por ejemplo, componentes de estructura, conexiones y partes creadas por script no siguen el dise\u00f1o sugerido por las reglas de disponibilidad [requisito n\u00famero 9.4.1.2 de la norma UNE-EN 301549: 2019 Nombre, capacidad, valor ]<\/li>\n<li>En determinadas estructuras, el campo de informaci\u00f3n que recoge datos sobre el cliente no tiene distinguido el motivo [requisito n\u00famero 9.1.3.5 de la norma UNE-EN 301549:2019, ID de la finalidad de la informaci\u00f3n]<\/li>\n<li>En determinadas p\u00e1ginas, la proporci\u00f3n de diferenciaci\u00f3n en texto o im\u00e1genes no podr\u00e1 ser inferior a 4,5:1 [requisito n\u00famero 9.1.4.3 de la norma UNE-EN 301549:2019 m\u00ednimo contraste]<\/li>\n<li>En determinadas p\u00e1ginas, la diferencia de las partes de IU y art\u00edculos realistas puede no llegar a 3:1 con los tonos vecinos [requisito n\u00famero 9.1.4.11 de la norma UNE-EN 301549:2019, contraste no literario]<\/li>\n<li>De vez en cuando, puede haber un error de paso en un campo\/tipo del que no se informa al cliente de la idea de subsanarlo [requisito n\u00famero 9.3.3.3 de la norma UNE-EN 301549:2019 Idea para errores]<\/li>\n<li>En determinadas p\u00e1ginas los mensajes de estado pueden seguir en el aire por programaci\u00f3n a trav\u00e9s de capacidades o propiedades [requisito n\u00famero 9.4.1.3 de la UNE-EN 301549:2019 mensajes de estado]<\/li>\n<\/ul>\n<\/div>\n<\/div>\n<\/div>\n<\/div>\n<\/div>\n<\/section>\n<\/div>\n<\/div>\n<\/article>\n<p><\/main><\/div>\n<\/div>\n<\/div>\n<div id=\"ast-mobile-popup-wrapper\">\n<div id=\"ast-mobile-popup\" class=\"ast-mobile-popup-drawer content-align-flex-start ast-mobile-popup-right\">\n<div class=\"ast-mobile-popup-overlay\"><\/div>\n<div class=\"ast-mobile-popup-inner\">\n<div class=\"ast-mobile-popup-header\"><\/div>\n<div class=\"ast-mobile-popup-content\">\n<div class=\"ast-builder-menu-mobile ast-builder-menu ast-builder-menu-mobile-focus-item ast-builder-layout-element site-header-focus-item\" data-section=\"section-header-mobile-menu\">\n<div class=\"ast-main-header-bar-alignment\">\n<div class=\"main-header-bar-navigation\">\n<nav id=\"ast-mobile-site-navigation\" class=\"site-navigation ast-flex-grow-1 navigation-accessibility site-header-focus-item\" aria-label=\"Navegaci\u00f3 del lloc\">\n<div class=\"main-navigation\"><\/div>\n<\/nav>\n<\/div>\n<\/div>\n<\/div>\n<\/div>\n<\/div>\n<\/div>\n<\/div>\n","protected":false},"excerpt":{"rendered":"<p>Accessibility statement INVERSIONS BALCABA SLU y BALD\u00d3 2.2 PROMOCIONS, S.A pone a disposici\u00f3n en su sitio, seg\u00fan el Real Decreto 1112\/2018, de 7 de septiembre, sobre accesibilidad de sitios web y aplicaciones para tel\u00e9fonos m\u00f3viles Compliance status Este sitio web cumple parcialmente con el RD 1112\/2018 debido a las excepciones y la falta de conformidad [&hellip;]<\/p>\n","protected":false},"author":1,"featured_media":0,"parent":0,"menu_order":0,"comment_status":"closed","ping_status":"closed","template":"template\/template-page.php","meta":{"footnotes":""},"class_list":["post-18536","page","type-page","status-publish","hentry"],"_links":{"self":[{"href":"https:\/\/baldopromocions.com\/index.php?rest_route=\/wp\/v2\/pages\/18536","targetHints":{"allow":["GET"]}}],"collection":[{"href":"https:\/\/baldopromocions.com\/index.php?rest_route=\/wp\/v2\/pages"}],"about":[{"href":"https:\/\/baldopromocions.com\/index.php?rest_route=\/wp\/v2\/types\/page"}],"author":[{"embeddable":true,"href":"https:\/\/baldopromocions.com\/index.php?rest_route=\/wp\/v2\/users\/1"}],"replies":[{"embeddable":true,"href":"https:\/\/baldopromocions.com\/index.php?rest_route=%2Fwp%2Fv2%2Fcomments&post=18536"}],"version-history":[{"count":3,"href":"https:\/\/baldopromocions.com\/index.php?rest_route=\/wp\/v2\/pages\/18536\/revisions"}],"predecessor-version":[{"id":18542,"href":"https:\/\/baldopromocions.com\/index.php?rest_route=\/wp\/v2\/pages\/18536\/revisions\/18542"}],"wp:attachment":[{"href":"https:\/\/baldopromocions.com\/index.php?rest_route=%2Fwp%2Fv2%2Fmedia&parent=18536"}],"curies":[{"name":"wp","href":"https:\/\/api.w.org\/{rel}","templated":true}]}}