{"id":745,"date":"2016-03-10T18:51:46","date_gmt":"2016-03-10T18:51:46","guid":{"rendered":"https:\/\/default.houzez.co\/?page_id=745"},"modified":"2023-05-28T22:40:43","modified_gmt":"2023-05-28T22:40:43","slug":"terms-and-conditions","status":"publish","type":"page","link":"https:\/\/baldopromocions.com\/?page_id=745","title":{"rendered":"LOPD"},"content":{"rendered":"<p style=\"font-weight: 400;\"><strong>Espa\u00f1ol<\/strong>:<\/p>\n<p style=\"font-weight: 400;\"><em>De conformidad con lo establecido en la normativa vigente en Protecci\u00f3n de Datos de Car\u00e1cter Personal, le informamos que sus datos ser\u00e1n incorporados al sistema de tratamiento titularidad de INVERSIONS BALCABA SLU con CIF B61253563 (grupo empresarial compuesto por BALD\u00d3 2.2 PROMOCIONS, S.A., GENERAL DE PATRIMONI, S.L., e INVERSIONS BALCABA, S.L.U.) y domicilio social sito en Antoni Torrella, 20 Local &#8211; 08224, TERRASSA (BARCELONA), con la finalidad de atender sus consultas y remitirle informaci\u00f3n relacionada que pueda ser de su inter\u00e9s. En cumplimiento con la normativa vigente, INVERSIONS BALCABA SLU informa que los datos ser\u00e1n conservados durante el plazo estrictamente necesario para cumplir con los preceptos mencionados con anterioridad.<\/em><\/p>\n<p style=\"font-weight: 400;\"><em>Mientras no nos comunique lo contrario, entenderemos que sus datos no han sido modificados, que usted se compromete a notificarnos cualquier variaci\u00f3n y que tenemos su consentimiento para utilizarlos para las finalidades mencionadas.<\/em><\/p>\n<p style=\"font-weight: 400;\"><em>INVERSIONS BALCABA SLU y las empresas del grupo, le informa que proceder\u00e1 a tratar los datos de manera l\u00edcita, leal, transparente, adecuada, pertinente, limitada, exacta y actualizada. Es por ello que INVERSIONS BALCABA SLU (grupo empresarial compuesto por BALD\u00d3 2.2 PROMOCIONS, S.A., GENERAL DE PATRIMONI, S.L., e INVERSIONS BALCABA, S.L.U.), se compromete a adoptar todas las medidas razonables para que estos se supriman o rectifiquen sin dilaci\u00f3n cuando sean inexactos.<\/em><em>\u00a0<\/em><\/p>\n<p style=\"font-weight: 400;\"><em>De acuerdo con los derechos que le confiere la normativa vigente en protecci\u00f3n de datos podr\u00e1 ejercer los derechos de acceso, rectificaci\u00f3n, limitaci\u00f3n de tratamiento, supresi\u00f3n, portabilidad y oposici\u00f3n al tratamiento de sus datos de car\u00e1cter personal as\u00ed como del consentimiento prestado para el tratamiento de los mismos, dirigiendo su petici\u00f3n a la direcci\u00f3n postal indicada m\u00e1s arriba o al correo electr\u00f3nico\u00a0<a href=\"mailto:administracio@baldopromocions.com\">administracio@baldopromocions.com<\/a>.<\/em><\/p>\n<p style=\"font-weight: 400;\"><em>A su vez, le informamos que puede contactar con el Delegado de Protecci\u00f3n de Datos de INVERSIONS BALCABA SLU, dirigi\u00e9ndose por escrito a la misma direcci\u00f3n de correo indicada o al tel\u00e9fono 937803070<\/em><em>.<\/em><\/p>\n<p style=\"font-weight: 400;\"><em>Podr\u00e1 dirigirse a la Autoridad de Control competente para presentar la reclamaci\u00f3n que considere oportuna.<\/em><\/p>\n<p style=\"font-weight: 400;\"><em>Con env\u00edo del formulario de recogida de datos usted acepta la pol\u00edtica de privacidad de INVERSIONS BALCABA SLU.<\/em><\/p>\n<p style=\"font-weight: 400;\"><em>\u00a0<\/em><\/p>\n<p style=\"font-weight: 400;\"><strong>Catal\u00e0:<\/strong><\/p>\n<p style=\"font-weight: 400;\">De conformitat amb el que estableix la normativa vigent en Protecci\u00f3 de Dades de Car\u00e0cter Personal, us informem que les vostres dades seran incorporades al sistema de tractament titularitat d&#8217;INVERSIONS BALCABA SLU amb CIF B61253563 (grup empresarial compost per BALD\u00d3 2.2 PROMOCIONS, S.A., GENERAL DE PATRIMONI , S.L., i INVERSIONS BALCABA, S.L.U.) i domicili social al c\/ Antoni Torrella, 20 Local &#8211; 08224, TERRASSA (BARCELONA), amb la finalitat d&#8217;atendre les seves consultes i remetre-li informaci\u00f3 relacionada que pugui ser del seu inter\u00e8s. En compliment de la normativa vigent, INVERSIONS BALCABA SLU i les empreses del grup, informen que les dades seran conservades durant el termini estrictament necessari per complir els preceptes esmentats anteriorment.<\/p>\n<p style=\"font-weight: 400;\">Mentre no ens comuniqueu el contrari, entendrem que les vostres dades no han estat modificades, que vost\u00e8 es compromet a notificar-nos qualsevol variaci\u00f3 i que tenim el seu consentiment per utilitzar-les per a les finalitats esmentades.<\/p>\n<p style=\"font-weight: 400;\">INVERSIONS BALCABA SLU i les empreses del grup, l\u2019informen que procediran a tractar les dades de manera l\u00edcita, lleial, transparent, adequada, pertinent, limitada, exacta i actualitzada. \u00c9s per aix\u00f2 que INVERSIONS BALCABA SLU (grup empresarial compost per BALD\u00d3 2.2 PROMOCIONS, S.A., GENERAL DE PATRIMONI, S.L., i INVERSIONS BALCABA, S.L.U.), es compromet a adoptar totes les mesures raonables perqu\u00e8 aquestes se suprimeixin o rectifiquin quan siguin inexactes.<\/p>\n<p style=\"font-weight: 400;\">D&#8217;acord amb els drets que us confereix la normativa vigent en protecci\u00f3 de dades podreu exercir els drets d&#8217;acc\u00e9s, rectificaci\u00f3, limitaci\u00f3 de tractament, supressi\u00f3, portabilitat i oposici\u00f3 al tractament de les vostres dades de car\u00e0cter personal aix\u00ed com del consentiment prestat per al tractament de els mateixos, dirigint la seva petici\u00f3 a l\u2019adre\u00e7a postal indicada m\u00e9s amunt o al correu electr\u00f2nic:\u00a0<a href=\"mailto:administracio@baldopromocions.com\">administracio@baldopromocions.com<\/a>.<\/p>\n<p style=\"font-weight: 400;\">Alhora, us informem que podeu contactar amb el Delegat de Protecci\u00f3 de Dades d&#8217;INVERSIONS BALCABA SLU i de la resta d\u2019empreses del grup, adre\u00e7ant-vos per escrit a la mateixa adre\u00e7a de correu indicada mes amunt o al tel\u00e8fon 937803070.<\/p>\n<p style=\"font-weight: 400;\">Podr\u00e0 adre\u00e7ar-se a l\u2019Autoritat de Control competent per presentar la reclamaci\u00f3 que consideri oportuna.<\/p>\n<p style=\"font-weight: 400;\">Amb enviament del formulari de recollida de dades vost\u00e8 accepta la pol\u00edtica de privadesa d&#8217;INVERSIONS BALCABA SLU.<\/p>\n","protected":false},"excerpt":{"rendered":"<p>Espa\u00f1ol: De conformidad con lo establecido en la normativa vigente en Protecci\u00f3n de Datos de Car\u00e1cter Personal, le informamos que sus datos ser\u00e1n incorporados al sistema de tratamiento titularidad de INVERSIONS BALCABA SLU con CIF B61253563 (grupo empresarial compuesto por BALD\u00d3 2.2 PROMOCIONS, S.A., GENERAL DE PATRIMONI, S.L., e INVERSIONS BALCABA, S.L.U.) y domicilio social [&hellip;]<\/p>\n","protected":false},"author":1,"featured_media":0,"parent":0,"menu_order":0,"comment_status":"closed","ping_status":"closed","template":"","meta":{"footnotes":""},"class_list":["post-745","page","type-page","status-publish","hentry"],"_links":{"self":[{"href":"https:\/\/baldopromocions.com\/index.php?rest_route=\/wp\/v2\/pages\/745","targetHints":{"allow":["GET"]}}],"collection":[{"href":"https:\/\/baldopromocions.com\/index.php?rest_route=\/wp\/v2\/pages"}],"about":[{"href":"https:\/\/baldopromocions.com\/index.php?rest_route=\/wp\/v2\/types\/page"}],"author":[{"embeddable":true,"href":"https:\/\/baldopromocions.com\/index.php?rest_route=\/wp\/v2\/users\/1"}],"replies":[{"embeddable":true,"href":"https:\/\/baldopromocions.com\/index.php?rest_route=%2Fwp%2Fv2%2Fcomments&post=745"}],"version-history":[{"count":2,"href":"https:\/\/baldopromocions.com\/index.php?rest_route=\/wp\/v2\/pages\/745\/revisions"}],"predecessor-version":[{"id":18521,"href":"https:\/\/baldopromocions.com\/index.php?rest_route=\/wp\/v2\/pages\/745\/revisions\/18521"}],"wp:attachment":[{"href":"https:\/\/baldopromocions.com\/index.php?rest_route=%2Fwp%2Fv2%2Fmedia&parent=745"}],"curies":[{"name":"wp","href":"https:\/\/api.w.org\/{rel}","templated":true}]}}