{"id":748,"date":"2016-03-10T18:52:12","date_gmt":"2016-03-10T18:52:12","guid":{"rendered":"https:\/\/default.houzez.co\/?page_id=748"},"modified":"2024-02-12T11:41:45","modified_gmt":"2024-02-12T11:41:45","slug":"politica-de-privacitat","status":"publish","type":"page","link":"https:\/\/baldopromocions.com\/?page_id=748","title":{"rendered":"Pol\u00edtica de privacitat"},"content":{"rendered":"\n<div class=\"wp-block-group\"><div class=\"wp-block-group__inner-container is-layout-constrained wp-block-group-is-layout-constrained\">\n<p>En el tracte de dades de car\u00e0cter personal, baldopromocions.com assegura que compleix la Llei org\u00e0nica de Protecci\u00f3 de Dades de Car\u00e0cter Personal (LOPD) i el Reglament General de Protecci\u00f3 de Dades de la Uni\u00f3 Europea (RGPD) vigents actualment i la seva normativa de desenvolupament, aix\u00ed com la LSSICE de la Societat de la Informaci\u00f3 i de Comer\u00e7 Electr\u00f2nic. La present Pol\u00edtica de Privacitat estableix els termes en qu\u00e8 baldopromocions.com usa i defensa la informaci\u00f3 que \u00e9s proporcionada pels usuaris al moment de navegar el seu lloc web.<\/p>\n<p>Aquest lloc web est\u00e0 comprom\u00e8s amb la seguretat de les dades dels seus usuaris. Quan es demana omplir els camps d\u2019informaci\u00f3 personal amb la qual pot ser reconegut, ho fem confirmant que nom\u00e9s es disposar\u00e0 d\u2019acord amb els termes d\u2019aquest escrit. No obstant aix\u00f2, aquesta Pol\u00edtica de Privacitat pot variar amb el temps o ser renovada, per la qual cosa li suggerim i emfatitzem la import\u00e0ncia de revisar peri\u00f2dicament aquesta p\u00e0gina per a assegurar que accepta amb els canvis.<\/p>\n<h2 class=\"western\">Informaci\u00f3 que \u00e9s recollida<\/h2>\n<p>El nostre lloc web pot emmagatzemar informaci\u00f3 personal per exemple: Nom, informaci\u00f3 de contacte com el seu email i informaci\u00f3 demogr\u00e0fica. L\u2019Usuari assegura que les dades introdu\u00efdes s\u00f3n ver\u00eddics, concrets, complets i vigents, sent responsable de qualsevol mal o perjudici, directe o indirecte, que pogu\u00e9s ocasionar-se com a resultat de l\u2019incompliment de tal responsabilitat.<br \/>\u00das de la informaci\u00f3 recollida<\/p>\n<p>El nostre lloc web utilitza la informaci\u00f3 per a elaborar perfils de mercat amb finalitats e publicitat o publicitaris o estad\u00edstics. Aquesta informaci\u00f3 tamb\u00e9 s\u2019usa amb la finalitat de proporcionar el la millor qualitat en el servei, en concret per a mantenir un registre d\u2019usuaris i millorar els nostres productes i serveis. Pot ser que siguin enviats emails peri\u00f2dicament mitjan\u00e7ant la nostra web amb ofertes especials, productes nous i una altra informaci\u00f3 interessant que considerem rellevant per als usuaris o que pugui brindar-li algun benefici, aquests correus electr\u00f2nics s\u2019envien a l\u2019adre\u00e7a de correu electr\u00f2nic que vost\u00e8 proporcioni i podr\u00e0 donar-se de baixa en qualsevol moment.<\/p>\n<p>baldopromocions.com est\u00e0 altament comprom\u00e8s per a complir amb la responsabilitat de mantenir les seves dades segures. Usem que els els milloris m\u00e8todes i els actualitzem constantment per a assegurar-nos que no existeix cap acc\u00e9s no autoritzat.<\/p>\n<h2 class=\"western\">Cookies<\/h2>\n<p>El nostre lloc web utilitza serveis de tercers per a mesurar diferents variables de cada sessi\u00f3, aquests tercers utilitzen cookies que permeten registrar informaci\u00f3 no compromesa del usuari (h\u00e0bits de navegaci\u00f3, hora, nombre de visites, etc). Una cookie \u00e9s a un fitxer que \u00e9s enviat para de demanar perm\u00eds per a emmagatzemar-se en el seu ordinador. En donar la seva conformitat, aquest fitxer es genera i la cookie serveix per a tenir dades estad\u00edstiques respecte al tr\u00e0nsit web aix\u00ed com per a facilitar les pr\u00f2ximes visites a una web recurrent. Una altra funci\u00f3 que tenen les cookies \u00e9s que amb elles les p\u00e0gines web poden recon\u00e8ixer-te individualment i per tant brindar-te el millor servei personalitzat possible. El nostre lloc web utilitza les cookies per a poder identificar les p\u00e0gines que s\u00f3n visitades i la seva freq\u00fc\u00e8ncia. Aquesta informaci\u00f3 \u00e9s emprada exclusivament per a an\u00e0lisis estad\u00edstiques i despr\u00e9s s\u2019elimina de manera permanent. Pot eliminar les cookies quan vulgui des del seu navegador. No obstant aix\u00f2 les cookies ajuden a facilitar un servei de la m\u00e0xima qualitat possible dels llocs web, est\u00e0s no donen acc\u00e9s a informaci\u00f3 del seu ordinador ni de vost\u00e8, a menys que vost\u00e8 aix\u00ed ho sol\u00b7liciti i la proporcioni directament. Vost\u00e8 pot acceptar o negar l\u2019\u00fas de cookies, no obstant aix\u00f2 la majoria de navegadors accepten cookies autom\u00e0ticament perqu\u00e8 serveix per a tenir un millor servei web. Tamb\u00e9 vost\u00e8 pot modificar la configuraci\u00f3 del seu ordinador per a denegar les cookies. Si es declinen \u00e9s possible que no pugui utilitzar alguns dels nostres serveis.<\/p>\n<p>Per a m\u00e9s informaci\u00f3 pot visitar la nostra <a href=\"\/politica-de-cookies\/\">pol\u00edtica de cookies<\/a>.<\/p>\n<h2 class=\"western\">Enlla\u00e7os a Tercers<\/h2>\n<p>Aquest web pot contenir enlla\u00e7os a altres llocs que poguessin ser del seu inter\u00e8s. Una vegada que vost\u00e8 cliqui en aquests enlla\u00e7os i surti de la nostra p\u00e0gina, ja no gestionem sobre el lloc al qual \u00e9s redirigit i per tant no ens podem responsabilitzar dels termes o privacitat ni de la protecci\u00f3 de les seves dades en aquests altres llocs. Aquests llocs estan subjectes a les seves pr\u00f2pies pol\u00edtiques de privacitat per la qual cosa \u00e9s important que els consulti per a confirmar que vost\u00e8 est\u00e0 d\u2019acord amb aquestes.<\/p>\n<h2 class=\"western\">Control de la seva informaci\u00f3 personal<\/h2>\n<p>Baldopromocions.com podr\u00e0 comptar amb tercers perqu\u00e8 realitzin funcions en el seu nom en relaci\u00f3 amb els fins per als quals es puguin recollir les seves dades personals, com per exemple, analitzar la informaci\u00f3 subministrada, allotjar llocs web o similars tenint acc\u00e9s a la informaci\u00f3 de car\u00e0cter personal necess\u00e0ria per a l\u2019acompliment de les seves activitats, si b\u00e9 no poden utilitzar tal informaci\u00f3 per a cap altre objectiu.<\/p>\n<p>Regulem les nostres relacions amb tals tercers de manera que es compleixi la normativa aplicable en mat\u00e8ria de protecci\u00f3 de dades de car\u00e0cter personal. Condeixo vost\u00e8 vulgui pot restringir la recopilaci\u00f3 o l\u2019\u00fas de la informaci\u00f3 personal que que dona a la nostra p\u00e0gina.<\/p>\n<p>Cada vegada que se li demani emplenar un formulari, com donar-se d\u2019alta, pot seleccionar i donis-seleccionar l\u2019opci\u00f3 de rebre informaci\u00f3 per correu electr\u00f2nic. En cas que hagi marcat l\u2019opci\u00f3 de rebre el nostre butllet\u00ed o publicitat vost\u00e8 pot cancel\u00b7lar-la en qualsevol moment. Aquesta companyia no vendr\u00e0, cedir\u00e0 ni distribuir\u00e0 la informaci\u00f3 personal que \u00e9s recopilada sense el seu consentiment, tret que sigui requerit per un jutge amb un ordre judicial. baldopromocions.com pot modificar els termes de la present Pol\u00edtica de Privacitat en qualsevol moment.<\/p>\n<h2 class=\"western\">Dades de tercers<\/h2>\n<p>En el cas que ens proporcioni dades de car\u00e0cter personal de terceres persones, en compliment de la LOPD i la RGPD vigents, afirma haver informat aquestes persones pr\u00e8viament sobre el que contenen les dades facilitades, de la proced\u00e8ncia d\u2019aquests, de l\u2019exist\u00e8ncia i fi del fitxer on es contenen les seves dades, dels destinataris d\u2019aquesta informaci\u00f3, de la possibilitat d\u2019exercitar els drets d\u2019acc\u00e9s, rectificaci\u00f3, cancel\u00b7laci\u00f3 o oposici\u00f3, aix\u00ed com de les dades identificatives de baldopromocions.com. En aquest sentit, \u00e9s de la seva exclusiva responsabilitat informar de les circumst\u00e0ncies als tercers les dades dels quals ens ens proporcionar\u00e0, no assumint baldopromocions.com cap responsabilitat per l\u2019incompliment d\u2019aquest requisit per part seva.<\/p>\n<\/div><\/div>\n","protected":false},"excerpt":{"rendered":"<p>En el tracte de dades de car\u00e0cter personal, baldopromocions.com assegura que compleix la Llei org\u00e0nica de Protecci\u00f3 de Dades de Car\u00e0cter Personal (LOPD) i el Reglament General de Protecci\u00f3 de Dades de la Uni\u00f3 Europea (RGPD) vigents actualment i la seva normativa de desenvolupament, aix\u00ed com la LSSICE de la Societat de la Informaci\u00f3 i [&hellip;]<\/p>\n","protected":false},"author":1,"featured_media":0,"parent":0,"menu_order":0,"comment_status":"closed","ping_status":"closed","template":"template\/template-page.php","meta":{"footnotes":""},"class_list":["post-748","page","type-page","status-publish","hentry"],"_links":{"self":[{"href":"https:\/\/baldopromocions.com\/index.php?rest_route=\/wp\/v2\/pages\/748","targetHints":{"allow":["GET"]}}],"collection":[{"href":"https:\/\/baldopromocions.com\/index.php?rest_route=\/wp\/v2\/pages"}],"about":[{"href":"https:\/\/baldopromocions.com\/index.php?rest_route=\/wp\/v2\/types\/page"}],"author":[{"embeddable":true,"href":"https:\/\/baldopromocions.com\/index.php?rest_route=\/wp\/v2\/users\/1"}],"replies":[{"embeddable":true,"href":"https:\/\/baldopromocions.com\/index.php?rest_route=%2Fwp%2Fv2%2Fcomments&post=748"}],"version-history":[{"count":2,"href":"https:\/\/baldopromocions.com\/index.php?rest_route=\/wp\/v2\/pages\/748\/revisions"}],"predecessor-version":[{"id":18719,"href":"https:\/\/baldopromocions.com\/index.php?rest_route=\/wp\/v2\/pages\/748\/revisions\/18719"}],"wp:attachment":[{"href":"https:\/\/baldopromocions.com\/index.php?rest_route=%2Fwp%2Fv2%2Fmedia&parent=748"}],"curies":[{"name":"wp","href":"https:\/\/api.w.org\/{rel}","templated":true}]}}